{"id":9,"date":"2025-06-05T11:53:11","date_gmt":"2025-06-05T11:53:11","guid":{"rendered":"https:\/\/bionicbrand.se\/?page_id=9"},"modified":"2025-06-05T11:53:11","modified_gmt":"2025-06-05T11:53:11","slug":"hem","status":"publish","type":"page","link":"https:\/\/bionicbrand.se\/","title":{"rendered":"Hem"},"content":{"rendered":"\n<p>V\u00e4lkommen till din nya webbplats. Det h\u00e4r \u00e4r din startsida, som de flesta bes\u00f6karna kommer att se n\u00e4r de kommer till din webbplats f\u00f6r f\u00f6rsta g\u00e5ngen.<\/p>\n","protected":false},"excerpt":{"rendered":"<p>V\u00e4lkommen till din nya webbplats. Det h\u00e4r \u00e4r din startsida, som de flesta bes\u00f6karna kommer att se n\u00e4r de kommer till din webbplats f\u00f6r f\u00f6rsta g\u00e5ngen.<\/p>\n","protected":false},"author":1,"featured_media":0,"parent":0,"menu_order":0,"comment_status":"closed","ping_status":"closed","template":"","meta":{"footnotes":""},"class_list":["post-9","page","type-page","status-publish","hentry"],"_links":{"self":[{"href":"https:\/\/bionicbrand.se\/index.php?rest_route=\/wp\/v2\/pages\/9","targetHints":{"allow":["GET"]}}],"collection":[{"href":"https:\/\/bionicbrand.se\/index.php?rest_route=\/wp\/v2\/pages"}],"about":[{"href":"https:\/\/bionicbrand.se\/index.php?rest_route=\/wp\/v2\/types\/page"}],"author":[{"embeddable":true,"href":"https:\/\/bionicbrand.se\/index.php?rest_route=\/wp\/v2\/users\/1"}],"replies":[{"embeddable":true,"href":"https:\/\/bionicbrand.se\/index.php?rest_route=%2Fwp%2Fv2%2Fcomments&post=9"}],"version-history":[{"count":1,"href":"https:\/\/bionicbrand.se\/index.php?rest_route=\/wp\/v2\/pages\/9\/revisions"}],"predecessor-version":[{"id":15,"href":"https:\/\/bionicbrand.se\/index.php?rest_route=\/wp\/v2\/pages\/9\/revisions\/15"}],"wp:attachment":[{"href":"https:\/\/bionicbrand.se\/index.php?rest_route=%2Fwp%2Fv2%2Fmedia&parent=9"}],"curies":[{"name":"wp","href":"https:\/\/api.w.org\/{rel}","templated":true}]}}